{"id":843,"date":"2023-06-05T21:31:03","date_gmt":"2023-06-06T00:31:03","guid":{"rendered":"https:\/\/aconcaguaultratrail.com\/?page_id=843"},"modified":"2026-03-25T09:51:26","modified_gmt":"2026-03-25T12:51:26","slug":"documentacion-obligatoria","status":"publish","type":"page","link":"https:\/\/aconcaguaultratrail.com\/en\/documentacion-obligatoria\/","title":{"rendered":"Documentaci\u00f3n Obligatoria"},"content":{"rendered":"<h1>\n<p>DOCUMENTACI\u00d3N OBLIGATORIA<\/p>\n<\/h1>\n<h2>1 &#8211; APTO F\u00cdSICO<\/h2>\n<div>\n<p data-start=\"82\" data-end=\"367\"><strong>El apto f\u00edsico es obligatorio y debe ser completado por un m\u00e9dico.<\/strong> El certificado debe incluir: nombre, apellido y DNI del corredor, y constar expresamente que se encuentra m\u00e9dica y f\u00edsicamente apto para participar en Aconcagua Ultra Trail, indicando la distancia correspondiente.<\/p>\n<p data-start=\"374\" data-end=\"588\">El apto f\u00edsico debe contar con fecha de emisi\u00f3n, firma y sello del m\u00e9dico que lo extiende, y haber sido emitido dentro de los cuatro (4) meses previos a la carrera. No se aceptar\u00e1 ning\u00fan otro tipo de certificado.<\/p>\n<p data-start=\"595\" data-end=\"684\">El apto f\u00edsico deber\u00e1 cargarse con antelaci\u00f3n en el perfil de corredor correspondiente para su aprobaci\u00f3n. Una vez aprobado, se deber\u00e1 presentar f\u00edsicamente (no digital) al momento de retirar el kit.<\/p>\n<p data-start=\"691\" data-end=\"816\">Pod\u00e9s descargar el modelo de apto f\u00edsico correspondiente a la edici\u00f3n 2027 haciendo click en el bot\u00f3n que se encuentra debajo.<\/p>\n<\/div>\n<p><p>\n        <a href=\"\/wp-content\/uploads\/2026\/03\/AUT2027-Modelo-de-apto-fisico.pdf\">DESCARGAR APTO F\u00cdSICO<\/a>\n    <\/p>\n<\/p>\n<h2>2 &#8211; FICHA M\u00c9DICA<\/h2>\n<div>\n<p data-start=\"96\" data-end=\"257\"><strong>La ficha m\u00e9dica es obligatoria, y debe ser completada por el participante.<\/strong> Debe descargarse, imprimirse, completarse y firmarse.<\/p>\n<p data-start=\"96\" data-end=\"257\"><span>La ficha m\u00e9dica deber\u00e1 cargarse con antelaci\u00f3n en el perfil de corredor correspondiente para su aprobaci\u00f3n. Una vez aprobado, el tramite est\u00e1 completo y no debe entregarse al momento de retirar el kit.<\/span><\/p>\n<p data-start=\"264\" data-end=\"395\">Pod\u00e9s descargar la ficha m\u00e9dica obligatoria correspondiente a la edici\u00f3n 2027 haciendo click en el bot\u00f3n que se encuentra debajo.<\/p>\n<\/div>\n<p><p>\n        <a href=\"\/wp-content\/uploads\/2025\/12\/AUT2026-Ficha-medica.pdf\">DESCARGAR FICHA M\u00c9DICA<\/a>\n    <\/p>\n<\/p>\n<h2>3 &#8211; DESLINDE DE RESPONSABILIDAD<\/h2>\n<div>\n<p data-start=\"96\" data-end=\"257\"><strong>El deslinde de responsabilidad es obligatorio, y debe ser completado por el participante.<\/strong> Debe descargarse, imprimirse, completarse y firmarse. Ser\u00e1 requerido al momento de retirar el kit de corredor.<\/p>\n<p data-start=\"264\" data-end=\"395\">Pod\u00e9s descargar el deslinde de responsabilidad correspondiente a la edici\u00f3n 2027 haciendo click en el bot\u00f3n que se encuentra debajo.<\/p>\n<\/div>\n<p><p>\n        <a href=\"\/wp-content\/uploads\/2026\/03\/AUT2027-Deslinde-ESP.pdf\">DESCARGAR DESLINDE DE RESPONSABILIDAD<\/a>\n    <\/p>\n<\/p>\n<h2>4 &#8211; AUTORIZACI\u00d3N DE INGRESO AL PARQUE<\/h2>\n<div>\n<p data-start=\"89\" data-end=\"374\"><strong>La autorizaci\u00f3n de ingreso al Parque Provincial Aconcagua es obligatoria.<\/strong> Se trata de un deslinde de responsabilidad espec\u00edfico requerido por las autoridades del parque. Debe descargarse, imprimirse, completarse y firmarse, y ser\u00e1 solicitada al momento de retirar el kit de corredor.<\/p>\n<p data-start=\"381\" data-end=\"518\">Pod\u00e9s descargar la autorizaci\u00f3n de ingreso al parque correspondiente a la edici\u00f3n 2027 haciendo click en el bot\u00f3n que se encuentra debajo.<\/p>\n<\/div>\n<p><p>\n        <a href=\"\/wp-content\/uploads\/2025\/12\/AUT2026-Aconcagua-Declacion-Jurada-Aceptacion-de-Riesgo.pdf\">DESCARGAR AUTORIZACI\u00d3N DE INGRESO AL PARQUE<\/a>\n    <\/p>\n<\/p>\n<p><!--more--><br \/>\n<!-- {\"type\":\"layout\",\"children\":[{\"name\":\"[SECTION] Hero 2025\",\"type\":\"section\",\"props\":{\"header_transparent_noplaceholder\":false,\"height\":\"pixels\",\"height_viewport\":250,\"height_viewport_offset\":true,\"image\":\"wp-content\/uploads\/2023\/06\/hero-docu-obligatoria.jpg\",\"image_position\":\"top-center\",\"image_size\":\"cover\",\"media_overlay\":\"rgba(71, 171, 147, 0.47)\",\"overlap\":false,\"style\":\"default\",\"text_color\":\"light\",\"title_breakpoint\":\"xl\",\"title_position\":\"top-left\",\"title_rotation\":\"left\",\"vertical_align\":\"\",\"width\":\"large\"},\"children\":[{\"type\":\"row\",\"children\":[{\"type\":\"column\",\"props\":{\"image_position\":\"center-center\",\"position_sticky_breakpoint\":\"m\",\"width_medium\":\"1-1\"},\"children\":[{\"type\":\"headline\",\"props\":{\"animation\":\"none\",\"content\":\"\n\n<p>DOCUMENTACI\u00d3N OBLIGATORIA<\/p>\n\n\",\"content_en_us\":\"MANDATORY DOCUMENTATION\",\"content_pt_br\":\"DOCUMENTA\u00c7\u00c3O OBRIGAT\u00d3RIA\",\"css\":\"@media screen and (max-width: 600px) {\\n  .el-element {\\n    font-size: 10vw;\\n  }\\n}\",\"image_align\":\"left\",\"image_margin\":\"xsmall\",\"margin_bottom\":\"remove\",\"margin_top\":\"remove\",\"parallax_breakpoint\":\"m\",\"parallax_easing\":\"0.8\",\"parallax_end\":\"5vh + 5%\",\"parallax_opacity\":\"1,0\",\"parallax_y\":\"0,40\",\"text_align\":\"center\",\"title_element\":\"h1\",\"title_style\":\"heading-large\"}}]}]}]},{\"name\":\"[SECTION] Apto F\u00edsico\",\"type\":\"section\",\"props\":{\"css\":\"@media (min-width: 960px)  {\\n    .el-section > * {\\n        padding-bottom: 0px !important;\\n    }\\n}\\n\\n@media (min-width: 1600px)  {\\n    .el-section > * {\\n        padding-bottom: 0px !important;\\n    }\\n}\",\"image_position\":\"bottom-center\",\"image_size\":\"contain\",\"image_width\":\"2560\",\"media_visibility\":\"m\",\"overlap\":false,\"padding_bottom\":\"small\",\"padding_top\":\"small\",\"style\":\"default\",\"title_breakpoint\":\"xl\",\"title_position\":\"top-left\",\"title_rotation\":\"left\",\"vertical_align\":\"\",\"width\":\"large\"},\"children\":[{\"type\":\"row\",\"children\":[{\"type\":\"column\",\"props\":{\"image_position\":\"center-center\",\"position_sticky_breakpoint\":\"m\",\"width_medium\":\"1-1\"},\"children\":[{\"type\":\"headline\",\"props\":{\"content\":\"1 - APTO F\u00cdSICO\",\"content_en_us\":\"1 \u2013 FITNESS CERTIFICATE\",\"content_pt_br\":\"1 \u2013 ATESTADO M\u00c9DICO\",\"image_align\":\"left\",\"image_margin\":\"xsmall\",\"text_align\":\"center\",\"title_color\":\"danger\",\"title_element\":\"h2\",\"title_font_family\":\"primary\",\"title_style\":\"h4\"}},{\"type\":\"text\",\"props\":{\"column_breakpoint\":\"m\",\"content\":\"\n\n<p data-start=\\\"82\\\" data-end=\\\"367\\\"><strong>El apto f\u00edsico es obligatorio y debe ser completado por un m\u00e9dico.<\/strong> El certificado debe incluir: nombre, apellido y DNI del corredor, y constar expresamente que se encuentra m\u00e9dica y f\u00edsicamente apto para participar en Aconcagua Ultra Trail, indicando la distancia correspondiente.<\/p>\n\n\\n\n\n<p data-start=\\\"374\\\" data-end=\\\"588\\\">El apto f\u00edsico debe contar con fecha de emisi\u00f3n, firma y sello del m\u00e9dico que lo extiende, y haber sido emitido dentro de los cuatro (4) meses previos a la carrera. No se aceptar\u00e1 ning\u00fan otro tipo de certificado.<\/p>\n\n\\n\n\n<p data-start=\\\"595\\\" data-end=\\\"684\\\">El apto f\u00edsico deber\u00e1 cargarse con antelaci\u00f3n en el perfil de corredor correspondiente para su aprobaci\u00f3n. Una vez aprobado, se deber\u00e1 presentar f\u00edsicamente (no digital) al momento de retirar el kit.<\/p>\n\n\\n\n\n<p data-start=\\\"691\\\" data-end=\\\"816\\\">Pod\u00e9s descargar el modelo de apto f\u00edsico correspondiente a la edici\u00f3n 2027 haciendo click en el bot\u00f3n que se encuentra debajo.<\/p>\n\n\",\"content_en_us\":\"\n\n<p data-start=\\\"82\\\" data-end=\\\"367\\\"><strong>The fitness certificate is mandatory and must be completed by a physician.<\/strong> The certificate must include the runner\u2019s first name, last name, and ID number, and must expressly state that the runner is medically and physically fit to participate in Aconcagua Ultra Trail, indicating the corresponding distance.<\/p>\n\n\\n\n\n<p data-start=\\\"374\\\" data-end=\\\"588\\\">The medical certificate must include the issue date, signature, and stamp of the issuing physician, and must have been issued within four (4) months prior to the race. No other type of certificate will be accepted.<\/p>\n\n\\n\n\n<p data-start=\\\"595\\\" data-end=\\\"684\\\">The medical certificate must be uploaded in advance to the corresponding runner profile for approval. Once approved, it must be presented in physical format (not digital) when picking up the race kit.<\/p>\n\n\\n\n\n<p data-start=\\\"691\\\" data-end=\\\"816\\\">You can download the medical certificate template corresponding to the 2027 edition by clicking the button below.<\/p>\n\n\",\"content_pt_br\":\"\n\n<p data-start=\\\"82\\\" data-end=\\\"367\\\"><strong>O atestado m\u00e9dico \u00e9 obrigat\u00f3rio e deve ser preenchido por um m\u00e9dico.<\/strong> O certificado deve incluir nome, sobrenome e documento de identidade do corredor, e declarar expressamente que o atleta encontra-se m\u00e9dica e fisicamente apto para participar do Aconcagua Ultra Trail, indicando a dist\u00e2ncia correspondente.<\/p>\n\n\\n\n\n<p data-start=\\\"374\\\" data-end=\\\"588\\\">O atestado m\u00e9dico deve conter data de emiss\u00e3o, assinatura e carimbo do m\u00e9dico respons\u00e1vel, e deve ter sido emitido dentro dos quatro (4) meses anteriores \u00e0 prova. Nenhum outro tipo de certificado ser\u00e1 aceito.<\/p>\n\n\\n\n\n<p data-start=\\\"595\\\" data-end=\\\"684\\\">O atestado m\u00e9dico dever\u00e1 ser carregado com anteced\u00eancia no perfil do corredor correspondente para aprova\u00e7\u00e3o. Uma vez aprovado, dever\u00e1 ser apresentado em formato f\u00edsico (n\u00e3o digital) no momento da retirada do kit.<\/p>\n\n\\n\n\n<p data-start=\\\"691\\\" data-end=\\\"816\\\">Voc\u00ea pode baixar o modelo de atestado m\u00e9dico correspondente \u00e0 edi\u00e7\u00e3o 2027 clicando no bot\u00e3o abaixo.<\/p>\n\n\",\"margin_bottom\":\"default\",\"margin_top\":\"default\",\"text_align\":\"left\"}},{\"type\":\"button\",\"props\":{\"fullwidth\":true,\"grid_column_gap\":\"small\",\"grid_row_gap\":\"small\",\"margin_bottom\":\"default\",\"margin_top\":\"default\"},\"children\":[{\"type\":\"button_item\",\"props\":{\"button_style\":\"primary\",\"content\":\"DESCARGAR APTO F\u00cdSICO\",\"content_en_us\":\"DOWNLOAD FITNESS CERTIFICATE\",\"content_pt_br\":\"BAIXAR ATESTADO\",\"dialog_layout\":\"modal\",\"dialog_offcanvas_flip\":true,\"icon_align\":\"left\",\"link\":\"wp-content\/uploads\/2026\/03\/AUT2027-Modelo-de-apto-fisico.pdf\",\"link_target\":true}}]}]}],\"props\":{\"width\":\"xsmall\"}}]},{\"name\":\"[SECTION] Ficha M\u00e9dica\",\"type\":\"section\",\"props\":{\"css\":\"@media (min-width: 960px)  {\\n    .el-section > * {\\n        padding-bottom: 0px !important;\\n    }\\n}\\n\\n@media (min-width: 1600px)  {\\n    .el-section > * {\\n        padding-bottom: 0px !important;\\n    }\\n}\",\"image_position\":\"bottom-center\",\"image_size\":\"contain\",\"image_width\":\"2560\",\"media_visibility\":\"m\",\"overlap\":false,\"padding_bottom\":\"small\",\"padding_top\":\"small\",\"style\":\"muted\",\"title_breakpoint\":\"xl\",\"title_position\":\"top-left\",\"title_rotation\":\"left\",\"vertical_align\":\"\",\"width\":\"large\"},\"children\":[{\"type\":\"row\",\"children\":[{\"type\":\"column\",\"props\":{\"image_position\":\"center-center\",\"position_sticky_breakpoint\":\"m\",\"width_medium\":\"1-1\"},\"children\":[{\"type\":\"headline\",\"props\":{\"content\":\"2 - FICHA M\u00c9DICA\",\"content_en_us\":\"2 \u2013 MEDICAL FORM\",\"content_pt_br\":\"2 \u2013 FICHA M\u00c9DICA\",\"image_align\":\"left\",\"image_margin\":\"xsmall\",\"text_align\":\"center\",\"title_color\":\"danger\",\"title_element\":\"h2\",\"title_font_family\":\"primary\",\"title_style\":\"h4\"}},{\"type\":\"text\",\"props\":{\"column_breakpoint\":\"m\",\"content\":\"\n\n<p data-start=\\\"96\\\" data-end=\\\"257\\\"><strong>La ficha m\u00e9dica es obligatoria, y debe ser completada por el participante.<\/strong> Debe descargarse, imprimirse, completarse y firmarse.<\/p>\n\n\\n\n\n<p data-start=\\\"96\\\" data-end=\\\"257\\\"><span>La ficha m\u00e9dica deber\u00e1 cargarse con antelaci\u00f3n en el perfil de corredor correspondiente para su aprobaci\u00f3n. Una vez aprobado, el tramite est\u00e1 completo y no debe entregarse al momento de retirar el kit.<\/span><\/p>\n\n\\n\n\n<p data-start=\\\"264\\\" data-end=\\\"395\\\">Pod\u00e9s descargar la ficha m\u00e9dica obligatoria correspondiente a la edici\u00f3n 2027 haciendo click en el bot\u00f3n que se encuentra debajo.<\/p>\n\n\",\"content_en_us\":\"\n\n<p data-start=\\\"96\\\" data-end=\\\"257\\\"><strong>The medical form is mandatory and must be completed by the participant.<\/strong> It must be downloaded, printed, completed, and signed.<\/p>\n\n\\n\n\n<p data-start=\\\"96\\\" data-end=\\\"257\\\"><span>The medical form must be uploaded in advance to the corresponding runner profile for approval. Once approved, the process is complete and it does not need to be presented when picking up the race kit.<\/span><\/p>\n\n\\n\n\n<p data-start=\\\"264\\\" data-end=\\\"395\\\">You can download the mandatory medical form corresponding to the 2027 edition by clicking the button below.<\/p>\n\n\",\"content_pt_br\":\"\n\n<p data-start=\\\"96\\\" data-end=\\\"257\\\"><strong>A ficha m\u00e9dica \u00e9 obrigat\u00f3ria e deve ser preenchida pelo participante.<\/strong> Deve ser baixada, impressa, preenchida e assinada.<\/p>\n\n\\n\n\n<p data-start=\\\"96\\\" data-end=\\\"257\\\"><span>A ficha m\u00e9dica dever\u00e1 ser carregada com anteced\u00eancia no perfil do corredor correspondente para aprova\u00e7\u00e3o. Uma vez aprovada, o processo estar\u00e1 conclu\u00eddo e n\u00e3o ser\u00e1 necess\u00e1rio apresent\u00e1-la no momento da retirada do kit.<\/span><\/p>\n\n\\n\n\n<p data-start=\\\"264\\\" data-end=\\\"395\\\">Voc\u00ea pode baixar a ficha m\u00e9dica obrigat\u00f3ria correspondente \u00e0 edi\u00e7\u00e3o 2027 clicando no bot\u00e3o abaixo.<\/p>\n\n\",\"margin_bottom\":\"default\",\"margin_top\":\"default\",\"text_align\":\"left\"}},{\"type\":\"button\",\"props\":{\"fullwidth\":true,\"grid_column_gap\":\"small\",\"grid_row_gap\":\"small\",\"margin_bottom\":\"default\",\"margin_top\":\"default\"},\"children\":[{\"type\":\"button_item\",\"props\":{\"button_style\":\"primary\",\"content\":\"DESCARGAR FICHA M\u00c9DICA\",\"content_en_us\":\"DOWNLOAD MEDICAL FORM\",\"content_pt_br\":\"BAIXAR FICHA M\u00c9DICA\",\"dialog_layout\":\"modal\",\"dialog_offcanvas_flip\":true,\"icon_align\":\"left\",\"link\":\"wp-content\/uploads\/2025\/12\/AUT2026-Ficha-medica.pdf\",\"link_target\":true}}]}]}],\"props\":{\"width\":\"xsmall\"}}]},{\"name\":\"[SECTION] Deslinde de Responsabilidad\",\"type\":\"section\",\"props\":{\"css\":\"@media (min-width: 960px)  {\\n    .el-section > * {\\n        padding-bottom: 0px !important;\\n    }\\n}\\n\\n@media (min-width: 1600px)  {\\n    .el-section > * {\\n        padding-bottom: 0px !important;\\n    }\\n}\",\"image_position\":\"bottom-center\",\"image_size\":\"contain\",\"image_width\":\"2560\",\"media_visibility\":\"m\",\"overlap\":false,\"padding_bottom\":\"small\",\"padding_top\":\"small\",\"style\":\"default\",\"title_breakpoint\":\"xl\",\"title_position\":\"top-left\",\"title_rotation\":\"left\",\"vertical_align\":\"\",\"width\":\"large\"},\"children\":[{\"type\":\"row\",\"children\":[{\"type\":\"column\",\"props\":{\"image_position\":\"center-center\",\"position_sticky_breakpoint\":\"m\",\"width_medium\":\"1-1\"},\"children\":[{\"type\":\"headline\",\"props\":{\"content\":\"3 - DESLINDE DE RESPONSABILIDAD\",\"content_en_us\":\"3 - WAIVER OF LIABILITY\",\"content_pt_br\":\"3- TERMOS DE ISEN\u00c7\u00c3O DE RESPONSABILIDADE\",\"image_align\":\"left\",\"image_margin\":\"xsmall\",\"text_align\":\"center\",\"title_color\":\"danger\",\"title_element\":\"h2\",\"title_font_family\":\"primary\",\"title_style\":\"h4\"}},{\"type\":\"text\",\"props\":{\"column_breakpoint\":\"m\",\"content\":\"\n\n<p data-start=\\\"96\\\" data-end=\\\"257\\\"><strong>El deslinde de responsabilidad es obligatorio, y debe ser completado por el participante.<\/strong> Debe descargarse, imprimirse, completarse y firmarse. Ser\u00e1 requerido al momento de retirar el kit de corredor.<\/p>\n\n\\n\n\n<p data-start=\\\"264\\\" data-end=\\\"395\\\">Pod\u00e9s descargar el deslinde de responsabilidad correspondiente a la edici\u00f3n 2027 haciendo click en el bot\u00f3n que se encuentra debajo.<\/p>\n\n\",\"content_en_us\":\"\n\n<p data-start=\\\"96\\\" data-end=\\\"257\\\"><strong>The waiver of liability is mandatory and must be completed by the participant.<\/strong> It must be downloaded, printed, completed, and signed. It will be required when picking up the runner\u2019s kit.<\/p>\n\n\\n\n\n<p data-start=\\\"264\\\" data-end=\\\"395\\\">You can download the liability waiver corresponding to the 2027 edition by clicking the button below.<\/p>\n\n\",\"content_pt_br\":\"\n\n<p data-start=\\\"96\\\" data-end=\\\"257\\\"><strong>O termo de responsabilidade \u00e9 obrigat\u00f3rio e deve ser preenchido pelo participante.<\/strong> Deve ser baixado, impresso, preenchido e assinado. Ser\u00e1 solicitado no momento da retirada do kit do corredor.<\/p>\n\n\\n\n\n<p data-start=\\\"264\\\" data-end=\\\"395\\\">Voc\u00ea pode baixar o termo de responsabilidade correspondente \u00e0 edi\u00e7\u00e3o 2027 clicando no bot\u00e3o abaixo.<\/p>\n\n\",\"margin_bottom\":\"default\",\"margin_top\":\"default\",\"text_align\":\"left\"}},{\"type\":\"button\",\"props\":{\"fullwidth\":true,\"grid_column_gap\":\"small\",\"grid_row_gap\":\"small\",\"margin_bottom\":\"default\",\"margin_top\":\"default\"},\"children\":[{\"type\":\"button_item\",\"props\":{\"button_style\":\"primary\",\"content\":\"DESCARGAR DESLINDE DE RESPONSABILIDAD\",\"content_en_us\":\"DOWNLOAD WAIVER\",\"content_pt_br\":\"BAIXAR TERMOS DE ISEN\u00c7\u00c3O\",\"dialog_layout\":\"modal\",\"dialog_offcanvas_flip\":true,\"icon_align\":\"left\",\"link\":\"wp-content\/uploads\/2026\/03\/AUT2027-Deslinde-ESP.pdf\",\"link_target\":true}}]}]}],\"props\":{\"width\":\"xsmall\"}}]},{\"name\":\"[SECTION] Autorizaci\u00f3n Parque\",\"type\":\"section\",\"props\":{\"css\":\"@media (min-width: 960px)  {\\n    .el-section > * {\\n        padding-bottom: 0px !important;\\n    }\\n}\\n\\n@media (min-width: 1600px)  {\\n    .el-section > * {\\n        padding-bottom: 0px !important;\\n    }\\n}\",\"image_position\":\"bottom-center\",\"image_size\":\"contain\",\"image_width\":\"2560\",\"media_visibility\":\"m\",\"overlap\":true,\"padding_bottom\":\"small\",\"padding_top\":\"small\",\"style\":\"muted\",\"title_breakpoint\":\"xl\",\"title_position\":\"top-left\",\"title_rotation\":\"left\",\"vertical_align\":\"\",\"width\":\"large\"},\"children\":[{\"type\":\"row\",\"children\":[{\"type\":\"column\",\"props\":{\"image_position\":\"center-center\",\"position_sticky_breakpoint\":\"m\",\"width_medium\":\"1-1\"},\"children\":[{\"type\":\"headline\",\"props\":{\"content\":\"4 - AUTORIZACI\u00d3N DE INGRESO AL PARQUE\",\"content_en_us\":\"4 \u2013 PARK ENTRY AUTHORIZATION\",\"content_pt_br\":\"4 \u2013 AUTORIZA\u00c7\u00c3O DE ENTRADA NO PARQUE\",\"image_align\":\"left\",\"image_margin\":\"xsmall\",\"text_align\":\"center\",\"title_color\":\"danger\",\"title_element\":\"h2\",\"title_font_family\":\"primary\",\"title_style\":\"h4\"}},{\"type\":\"text\",\"props\":{\"column_breakpoint\":\"m\",\"content\":\"\n\n<p data-start=\\\"89\\\" data-end=\\\"374\\\"><strong>La autorizaci\u00f3n de ingreso al Parque Provincial Aconcagua es obligatoria.<\/strong> Se trata de un deslinde de responsabilidad espec\u00edfico requerido por las autoridades del parque. Debe descargarse, imprimirse, completarse y firmarse, y ser\u00e1 solicitada al momento de retirar el kit de corredor.<\/p>\n\n\\n\n\n<p data-start=\\\"381\\\" data-end=\\\"518\\\">Pod\u00e9s descargar la autorizaci\u00f3n de ingreso al parque correspondiente a la edici\u00f3n 2027 haciendo click en el bot\u00f3n que se encuentra debajo.<\/p>\n\n\",\"content_en_us\":\"\n\n<p data-start=\\\"89\\\" data-end=\\\"374\\\"><strong>The authorization to enter Aconcagua Provincial Park is mandatory.<\/strong> This is a specific liability waiver required by the park authorities. It must be downloaded, printed, completed, and signed, and will be requested when picking up the runner\u2019s kit.<\/p>\n\n\\n\n\n<p data-start=\\\"381\\\" data-end=\\\"518\\\">You can download the park entry authorization corresponding to the 2027 edition by clicking the button below.<\/p>\n\n\",\"content_pt_br\":\"\n\n<p data-start=\\\"89\\\" data-end=\\\"374\\\"><strong>A autoriza\u00e7\u00e3o de entrada no Parque Provincial Aconc\u00e1gua \u00e9 obrigat\u00f3ria.<\/strong> Trata-se de um termo de responsabilidade espec\u00edfico exigido pelas autoridades do parque. Deve ser baixado, impresso, preenchido e assinado, e ser\u00e1 solicitado no momento da retirada do kit do corredor.<\/p>\n\n\\n\n\n<p data-start=\\\"381\\\" data-end=\\\"518\\\">Voc\u00ea pode baixar a autoriza\u00e7\u00e3o de entrada no parque correspondente \u00e0 edi\u00e7\u00e3o 2027 clicando no bot\u00e3o abaixo.<\/p>\n\n\",\"margin_bottom\":\"default\",\"margin_top\":\"default\",\"text_align\":\"left\"}},{\"type\":\"button\",\"props\":{\"fullwidth\":true,\"grid_column_gap\":\"small\",\"grid_row_gap\":\"small\",\"margin_bottom\":\"default\",\"margin_top\":\"default\"},\"children\":[{\"type\":\"button_item\",\"props\":{\"button_style\":\"primary\",\"content\":\"DESCARGAR AUTORIZACI\u00d3N DE INGRESO AL PARQUE\",\"content_en_us\":\"DOWNLOAD PARK ENTRY AUTHORIZATION\",\"content_pt_br\":\"BAIXAR AUTORIZA\u00c7\u00c3O DE ENTRADA\",\"dialog_layout\":\"modal\",\"dialog_offcanvas_flip\":true,\"icon_align\":\"left\",\"link\":\"wp-content\/uploads\/2025\/12\/AUT2026-Aconcagua-Declacion-Jurada-Aceptacion-de-Riesgo.pdf\",\"link_target\":true}}]}]}],\"props\":{\"width\":\"xsmall\"}}]}],\"version\":\"5.0.19\"} --><\/p>\n","protected":false},"excerpt":{"rendered":"<p>DOCUMENTACI\u00d3N OBLIGATORIA 1 &#8211; APTO F\u00cdSICO El apto f\u00edsico es obligatorio y debe ser completado por un m\u00e9dico. El certificado debe incluir: nombre, apellido y DNI del corredor, y constar expresamente que se encuentra m\u00e9dica y f\u00edsicamente apto para participar en Aconcagua Ultra Trail, indicando la distancia correspondiente. El apto f\u00edsico debe contar con fecha [&hellip;]<\/p>\n","protected":false},"author":2,"featured_media":0,"parent":0,"menu_order":0,"comment_status":"closed","ping_status":"closed","template":"","meta":{"footnotes":""},"class_list":["post-843","page","type-page","status-publish","hentry"],"jetpack_sharing_enabled":true,"_links":{"self":[{"href":"https:\/\/aconcaguaultratrail.com\/en\/wp-json\/wp\/v2\/pages\/843","targetHints":{"allow":["GET"]}}],"collection":[{"href":"https:\/\/aconcaguaultratrail.com\/en\/wp-json\/wp\/v2\/pages"}],"about":[{"href":"https:\/\/aconcaguaultratrail.com\/en\/wp-json\/wp\/v2\/types\/page"}],"author":[{"embeddable":true,"href":"https:\/\/aconcaguaultratrail.com\/en\/wp-json\/wp\/v2\/users\/2"}],"replies":[{"embeddable":true,"href":"https:\/\/aconcaguaultratrail.com\/en\/wp-json\/wp\/v2\/comments?post=843"}],"version-history":[{"count":45,"href":"https:\/\/aconcaguaultratrail.com\/en\/wp-json\/wp\/v2\/pages\/843\/revisions"}],"predecessor-version":[{"id":3245,"href":"https:\/\/aconcaguaultratrail.com\/en\/wp-json\/wp\/v2\/pages\/843\/revisions\/3245"}],"wp:attachment":[{"href":"https:\/\/aconcaguaultratrail.com\/en\/wp-json\/wp\/v2\/media?parent=843"}],"curies":[{"name":"wp","href":"https:\/\/api.w.org\/{rel}","templated":true}]}}